{"id":365,"date":"2017-05-01T09:57:00","date_gmt":"2017-05-01T09:57:00","guid":{"rendered":"https:\/\/raratheme.com\/preview\/education-zone\/?page_id=365"},"modified":"2026-04-19T21:02:44","modified_gmt":"2026-04-20T02:02:44","slug":"programa-de-estudios-de-produccion-agropecuaria","status":"publish","type":"page","link":"https:\/\/iestaurija.alsolution.pe\/portal\/programa-de-estudios-de-produccion-agropecuaria\/","title":{"rendered":"PROGRAMA DE ESTUDIOS DE PRODUCCI\u00d3N AGROPECUARIA"},"content":{"rendered":"\n<figure class=\"wp-block-pullquote\"><blockquote><p>Texto para misi\u00f3n<\/p><cite>MISI\u00d3N<\/cite><\/blockquote><\/figure>\n\n\n\n<figure class=\"wp-block-pullquote\"><blockquote><p>Texto para visi\u00f3n<\/p><cite>VISI\u00d3N<\/cite><\/blockquote><\/figure>\n\n\n\n<figure class=\"wp-block-pullquote\"><blockquote><p>Texto para Proyecci\u00f3n<\/p><cite>PROYECCI\u00d3N<\/cite><\/blockquote><\/figure>\n\n\n\n<h2 class=\"wp-block-heading\">PROGRAMA DE ESTUDIOS<\/h2>\n\n\n\n<div data-wp-context=\"{ &quot;autoclose&quot;: false, &quot;accordionItems&quot;: [] }\" data-wp-interactive=\"core\/accordion\" role=\"group\" class=\"wp-block-accordion is-layout-flow wp-block-accordion-is-layout-flow\">\n<div data-wp-class--is-open=\"state.isOpen\" data-wp-context=\"{ &quot;id&quot;: &quot;accordion-item-2&quot;, &quot;openByDefault&quot;: false }\" data-wp-init=\"callbacks.initAccordionItems\" data-wp-on-window--hashchange=\"callbacks.hashChange\" class=\"wp-block-accordion-item is-layout-flow wp-block-accordion-item-is-layout-flow\">\n<h3 class=\"wp-block-accordion-heading\"><button aria-expanded=\"false\" aria-controls=\"accordion-item-2-panel\" data-wp-bind--aria-expanded=\"state.isOpen\" data-wp-on--click=\"actions.toggle\" data-wp-on--keydown=\"actions.handleKeyDown\" id=\"accordion-item-2\" type=\"button\" class=\"wp-block-accordion-heading__toggle\"><span class=\"wp-block-accordion-heading__toggle-title\">CICLO I<\/span><span class=\"wp-block-accordion-heading__toggle-icon\" aria-hidden=\"true\">+<\/span><\/button><\/h3>\n\n\n\n<div inert aria-labelledby=\"accordion-item-2\" data-wp-bind--inert=\"!state.isOpen\" id=\"accordion-item-2-panel\" role=\"region\" class=\"wp-block-accordion-panel is-layout-flow wp-block-accordion-panel-is-layout-flow\">\n<div data-wp-context=\"{ &quot;autoclose&quot;: false, &quot;accordionItems&quot;: [] }\" data-wp-interactive=\"core\/accordion\" role=\"group\" class=\"wp-block-accordion is-layout-flow wp-block-accordion-is-layout-flow\">\n<div data-wp-class--is-open=\"state.isOpen\" data-wp-context=\"{ &quot;id&quot;: &quot;accordion-item-1&quot;, &quot;openByDefault&quot;: false }\" data-wp-init=\"callbacks.initAccordionItems\" data-wp-on-window--hashchange=\"callbacks.hashChange\" class=\"wp-block-accordion-item is-layout-flow wp-block-accordion-item-is-layout-flow\">\n<h3 class=\"wp-block-accordion-heading\"><button aria-expanded=\"false\" aria-controls=\"accordion-item-1-panel\" data-wp-bind--aria-expanded=\"state.isOpen\" data-wp-on--click=\"actions.toggle\" data-wp-on--keydown=\"actions.handleKeyDown\" id=\"accordion-item-1\" type=\"button\" class=\"wp-block-accordion-heading__toggle\"><span class=\"wp-block-accordion-heading__toggle-title\"><\/span><span class=\"wp-block-accordion-heading__toggle-icon\" aria-hidden=\"true\">+<\/span><\/button><\/h3>\n\n\n\n<div inert aria-labelledby=\"accordion-item-1\" data-wp-bind--inert=\"!state.isOpen\" id=\"accordion-item-1-panel\" role=\"region\" class=\"wp-block-accordion-panel is-layout-flow wp-block-accordion-panel-is-layout-flow\">\n<p><\/p>\n<\/div>\n<\/div>\n<\/div>\n<\/div>\n<\/div>\n<\/div>\n\n\n\n<div data-wp-context=\"{ &quot;autoclose&quot;: false, &quot;accordionItems&quot;: [] }\" data-wp-interactive=\"core\/accordion\" role=\"group\" class=\"wp-block-accordion is-layout-flow wp-block-accordion-is-layout-flow\">\n<div data-wp-class--is-open=\"state.isOpen\" data-wp-context=\"{ &quot;id&quot;: &quot;accordion-item-3&quot;, &quot;openByDefault&quot;: false }\" data-wp-init=\"callbacks.initAccordionItems\" data-wp-on-window--hashchange=\"callbacks.hashChange\" class=\"wp-block-accordion-item is-layout-flow wp-block-accordion-item-is-layout-flow\">\n<h3 class=\"wp-block-accordion-heading\"><button aria-expanded=\"false\" aria-controls=\"accordion-item-3-panel\" data-wp-bind--aria-expanded=\"state.isOpen\" data-wp-on--click=\"actions.toggle\" data-wp-on--keydown=\"actions.handleKeyDown\" id=\"accordion-item-3\" type=\"button\" class=\"wp-block-accordion-heading__toggle\"><span class=\"wp-block-accordion-heading__toggle-title\">CICLO II<\/span><span class=\"wp-block-accordion-heading__toggle-icon\" aria-hidden=\"true\">+<\/span><\/button><\/h3>\n\n\n\n<div inert aria-labelledby=\"accordion-item-3\" data-wp-bind--inert=\"!state.isOpen\" id=\"accordion-item-3-panel\" role=\"region\" class=\"wp-block-accordion-panel is-layout-flow wp-block-accordion-panel-is-layout-flow\">\n<p><\/p>\n<\/div>\n<\/div>\n<\/div>\n\n\n\n<div data-wp-context=\"{ &quot;autoclose&quot;: false, &quot;accordionItems&quot;: [] }\" data-wp-interactive=\"core\/accordion\" role=\"group\" class=\"wp-block-accordion is-layout-flow wp-block-accordion-is-layout-flow\">\n<div data-wp-class--is-open=\"state.isOpen\" data-wp-context=\"{ &quot;id&quot;: &quot;accordion-item-4&quot;, &quot;openByDefault&quot;: false }\" data-wp-init=\"callbacks.initAccordionItems\" data-wp-on-window--hashchange=\"callbacks.hashChange\" class=\"wp-block-accordion-item is-layout-flow wp-block-accordion-item-is-layout-flow\">\n<h3 class=\"wp-block-accordion-heading\"><button aria-expanded=\"false\" aria-controls=\"accordion-item-4-panel\" data-wp-bind--aria-expanded=\"state.isOpen\" data-wp-on--click=\"actions.toggle\" data-wp-on--keydown=\"actions.handleKeyDown\" id=\"accordion-item-4\" type=\"button\" class=\"wp-block-accordion-heading__toggle\"><span class=\"wp-block-accordion-heading__toggle-title\">CICLO III<\/span><span class=\"wp-block-accordion-heading__toggle-icon\" aria-hidden=\"true\">+<\/span><\/button><\/h3>\n\n\n\n<div inert aria-labelledby=\"accordion-item-4\" data-wp-bind--inert=\"!state.isOpen\" id=\"accordion-item-4-panel\" role=\"region\" class=\"wp-block-accordion-panel is-layout-flow wp-block-accordion-panel-is-layout-flow\">\n<p><\/p>\n<\/div>\n<\/div>\n<\/div>\n\n\n\n<div data-wp-context=\"{ &quot;autoclose&quot;: false, &quot;accordionItems&quot;: [] }\" data-wp-interactive=\"core\/accordion\" role=\"group\" class=\"wp-block-accordion is-layout-flow wp-block-accordion-is-layout-flow\">\n<div data-wp-class--is-open=\"state.isOpen\" data-wp-context=\"{ &quot;id&quot;: &quot;accordion-item-5&quot;, &quot;openByDefault&quot;: false }\" data-wp-init=\"callbacks.initAccordionItems\" data-wp-on-window--hashchange=\"callbacks.hashChange\" class=\"wp-block-accordion-item is-layout-flow wp-block-accordion-item-is-layout-flow\">\n<h3 class=\"wp-block-accordion-heading\"><button aria-expanded=\"false\" aria-controls=\"accordion-item-5-panel\" data-wp-bind--aria-expanded=\"state.isOpen\" data-wp-on--click=\"actions.toggle\" data-wp-on--keydown=\"actions.handleKeyDown\" id=\"accordion-item-5\" type=\"button\" class=\"wp-block-accordion-heading__toggle\"><span class=\"wp-block-accordion-heading__toggle-title\">CICLO IV<\/span><span class=\"wp-block-accordion-heading__toggle-icon\" aria-hidden=\"true\">+<\/span><\/button><\/h3>\n\n\n\n<div inert aria-labelledby=\"accordion-item-5\" data-wp-bind--inert=\"!state.isOpen\" id=\"accordion-item-5-panel\" role=\"region\" class=\"wp-block-accordion-panel is-layout-flow wp-block-accordion-panel-is-layout-flow\">\n<p><\/p>\n<\/div>\n<\/div>\n<\/div>\n\n\n\n<div data-wp-context=\"{ &quot;autoclose&quot;: false, &quot;accordionItems&quot;: [] }\" data-wp-interactive=\"core\/accordion\" role=\"group\" class=\"wp-block-accordion is-layout-flow wp-block-accordion-is-layout-flow\">\n<div data-wp-class--is-open=\"state.isOpen\" data-wp-context=\"{ &quot;id&quot;: &quot;accordion-item-6&quot;, &quot;openByDefault&quot;: false }\" data-wp-init=\"callbacks.initAccordionItems\" data-wp-on-window--hashchange=\"callbacks.hashChange\" class=\"wp-block-accordion-item is-layout-flow wp-block-accordion-item-is-layout-flow\">\n<h3 class=\"wp-block-accordion-heading\"><button aria-expanded=\"false\" aria-controls=\"accordion-item-6-panel\" data-wp-bind--aria-expanded=\"state.isOpen\" data-wp-on--click=\"actions.toggle\" data-wp-on--keydown=\"actions.handleKeyDown\" id=\"accordion-item-6\" type=\"button\" class=\"wp-block-accordion-heading__toggle\"><span class=\"wp-block-accordion-heading__toggle-title\">CICLO V<\/span><span class=\"wp-block-accordion-heading__toggle-icon\" aria-hidden=\"true\">+<\/span><\/button><\/h3>\n\n\n\n<div inert aria-labelledby=\"accordion-item-6\" data-wp-bind--inert=\"!state.isOpen\" id=\"accordion-item-6-panel\" role=\"region\" class=\"wp-block-accordion-panel is-layout-flow wp-block-accordion-panel-is-layout-flow\">\n<p><\/p>\n<\/div>\n<\/div>\n<\/div>\n\n\n\n<div data-wp-context=\"{ &quot;autoclose&quot;: false, &quot;accordionItems&quot;: [] }\" data-wp-interactive=\"core\/accordion\" role=\"group\" class=\"wp-block-accordion is-layout-flow wp-block-accordion-is-layout-flow\">\n<div data-wp-class--is-open=\"state.isOpen\" data-wp-context=\"{ &quot;id&quot;: &quot;accordion-item-7&quot;, &quot;openByDefault&quot;: false }\" data-wp-init=\"callbacks.initAccordionItems\" data-wp-on-window--hashchange=\"callbacks.hashChange\" class=\"wp-block-accordion-item is-layout-flow wp-block-accordion-item-is-layout-flow\">\n<h3 class=\"wp-block-accordion-heading\"><button aria-expanded=\"false\" aria-controls=\"accordion-item-7-panel\" data-wp-bind--aria-expanded=\"state.isOpen\" data-wp-on--click=\"actions.toggle\" data-wp-on--keydown=\"actions.handleKeyDown\" id=\"accordion-item-7\" type=\"button\" class=\"wp-block-accordion-heading__toggle\"><span class=\"wp-block-accordion-heading__toggle-title\">CICLO VI<\/span><span class=\"wp-block-accordion-heading__toggle-icon\" aria-hidden=\"true\">+<\/span><\/button><\/h3>\n\n\n\n<div inert aria-labelledby=\"accordion-item-7\" data-wp-bind--inert=\"!state.isOpen\" id=\"accordion-item-7-panel\" role=\"region\" class=\"wp-block-accordion-panel is-layout-flow wp-block-accordion-panel-is-layout-flow\">\n<p><\/p>\n<\/div>\n<\/div>\n<\/div>\n","protected":false},"excerpt":{"rendered":"<p>Texto para misi\u00f3n MISI\u00d3N Texto para visi\u00f3n VISI\u00d3N Texto para Proyecci\u00f3n PROYECCI\u00d3N PROGRAMA DE ESTUDIOS<\/p>\n","protected":false},"author":1,"featured_media":0,"parent":0,"menu_order":0,"comment_status":"closed","ping_status":"closed","template":"","meta":{"footnotes":""},"class_list":["post-365","page","type-page","status-publish","hentry"],"yoast_head":"<!-- This site is optimized with the Yoast SEO plugin v27.3 - https:\/\/yoast.com\/product\/yoast-seo-wordpress\/ -->\n<title>PROGRAMA DE ESTUDIOS DE PRODUCCI\u00d3N AGROPECUARIA - IESTP TAURIJA<\/title>\n<meta name=\"robots\" content=\"index, follow, max-snippet:-1, max-image-preview:large, max-video-preview:-1\" \/>\n<link rel=\"canonical\" href=\"https:\/\/iestaurija.alsolution.pe\/portal\/programa-de-estudios-de-produccion-agropecuaria\/\" \/>\n<meta property=\"og:locale\" content=\"es_ES\" \/>\n<meta property=\"og:type\" content=\"article\" \/>\n<meta property=\"og:title\" content=\"PROGRAMA DE ESTUDIOS DE PRODUCCI\u00d3N AGROPECUARIA - IESTP TAURIJA\" \/>\n<meta property=\"og:description\" content=\"Texto para misi\u00f3n MISI\u00d3N Texto para visi\u00f3n VISI\u00d3N Texto para Proyecci\u00f3n PROYECCI\u00d3N PROGRAMA DE ESTUDIOS\" \/>\n<meta property=\"og:url\" content=\"https:\/\/iestaurija.alsolution.pe\/portal\/programa-de-estudios-de-produccion-agropecuaria\/\" \/>\n<meta property=\"og:site_name\" content=\"IESTP TAURIJA\" \/>\n<meta property=\"article:publisher\" content=\"https:\/\/web.facebook.com\/iestp.taurija\/\" \/>\n<meta property=\"article:modified_time\" content=\"2026-04-20T02:02:44+00:00\" \/>\n<meta name=\"twitter:card\" content=\"summary_large_image\" \/>\n<script type=\"application\/ld+json\" class=\"yoast-schema-graph\">{\"@context\":\"https:\\\/\\\/schema.org\",\"@graph\":[{\"@type\":\"WebPage\",\"@id\":\"https:\\\/\\\/iestaurija.alsolution.pe\\\/portal\\\/programa-de-estudios-de-produccion-agropecuaria\\\/\",\"url\":\"https:\\\/\\\/iestaurija.alsolution.pe\\\/portal\\\/programa-de-estudios-de-produccion-agropecuaria\\\/\",\"name\":\"PROGRAMA DE ESTUDIOS DE PRODUCCI\u00d3N AGROPECUARIA - IESTP TAURIJA\",\"isPartOf\":{\"@id\":\"https:\\\/\\\/iestaurija.alsolution.pe\\\/portal\\\/#website\"},\"datePublished\":\"2017-05-01T09:57:00+00:00\",\"dateModified\":\"2026-04-20T02:02:44+00:00\",\"breadcrumb\":{\"@id\":\"https:\\\/\\\/iestaurija.alsolution.pe\\\/portal\\\/programa-de-estudios-de-produccion-agropecuaria\\\/#breadcrumb\"},\"inLanguage\":\"es-PE\",\"potentialAction\":[{\"@type\":\"ReadAction\",\"target\":[\"https:\\\/\\\/iestaurija.alsolution.pe\\\/portal\\\/programa-de-estudios-de-produccion-agropecuaria\\\/\"]}]},{\"@type\":\"BreadcrumbList\",\"@id\":\"https:\\\/\\\/iestaurija.alsolution.pe\\\/portal\\\/programa-de-estudios-de-produccion-agropecuaria\\\/#breadcrumb\",\"itemListElement\":[{\"@type\":\"ListItem\",\"position\":1,\"name\":\"Portada\",\"item\":\"https:\\\/\\\/iestaurija.alsolution.pe\\\/portal\\\/\"},{\"@type\":\"ListItem\",\"position\":2,\"name\":\"PROGRAMA DE ESTUDIOS DE PRODUCCI\u00d3N AGROPECUARIA\"}]},{\"@type\":\"WebSite\",\"@id\":\"https:\\\/\\\/iestaurija.alsolution.pe\\\/portal\\\/#website\",\"url\":\"https:\\\/\\\/iestaurija.alsolution.pe\\\/portal\\\/\",\"name\":\"IESTP Taurija\",\"description\":\"Educaci\u00f3n tecnol\u00f3gica superior para el desarrollo sostenible\",\"publisher\":{\"@id\":\"https:\\\/\\\/iestaurija.alsolution.pe\\\/portal\\\/#organization\"},\"potentialAction\":[{\"@type\":\"SearchAction\",\"target\":{\"@type\":\"EntryPoint\",\"urlTemplate\":\"https:\\\/\\\/iestaurija.alsolution.pe\\\/portal\\\/?s={search_term_string}\"},\"query-input\":{\"@type\":\"PropertyValueSpecification\",\"valueRequired\":true,\"valueName\":\"search_term_string\"}}],\"inLanguage\":\"es-PE\"},{\"@type\":\"Organization\",\"@id\":\"https:\\\/\\\/iestaurija.alsolution.pe\\\/portal\\\/#organization\",\"name\":\"IESTP Taurija\",\"url\":\"https:\\\/\\\/iestaurija.alsolution.pe\\\/portal\\\/\",\"logo\":{\"@type\":\"ImageObject\",\"inLanguage\":\"es-PE\",\"@id\":\"https:\\\/\\\/iestaurija.alsolution.pe\\\/portal\\\/#\\\/schema\\\/logo\\\/image\\\/\",\"url\":\"https:\\\/\\\/iestaurija.alsolution.pe\\\/portal\\\/wp-content\\\/uploads\\\/2026\\\/04\\\/Taurija.png\",\"contentUrl\":\"https:\\\/\\\/iestaurija.alsolution.pe\\\/portal\\\/wp-content\\\/uploads\\\/2026\\\/04\\\/Taurija.png\",\"width\":100,\"height\":100,\"caption\":\"IESTP Taurija\"},\"image\":{\"@id\":\"https:\\\/\\\/iestaurija.alsolution.pe\\\/portal\\\/#\\\/schema\\\/logo\\\/image\\\/\"},\"sameAs\":[\"https:\\\/\\\/web.facebook.com\\\/iestp.taurija\\\/\",\"https:\\\/\\\/www.instagram.com\\\/iestptaurija\\\/\",\"https:\\\/\\\/www.tiktok.com\\\/@iestptaurija\"]}]}<\/script>\n<!-- \/ Yoast SEO plugin. -->","yoast_head_json":{"title":"PROGRAMA DE ESTUDIOS DE PRODUCCI\u00d3N AGROPECUARIA - IESTP TAURIJA","robots":{"index":"index","follow":"follow","max-snippet":"max-snippet:-1","max-image-preview":"max-image-preview:large","max-video-preview":"max-video-preview:-1"},"canonical":"https:\/\/iestaurija.alsolution.pe\/portal\/programa-de-estudios-de-produccion-agropecuaria\/","og_locale":"es_ES","og_type":"article","og_title":"PROGRAMA DE ESTUDIOS DE PRODUCCI\u00d3N AGROPECUARIA - IESTP TAURIJA","og_description":"Texto para misi\u00f3n MISI\u00d3N Texto para visi\u00f3n VISI\u00d3N Texto para Proyecci\u00f3n PROYECCI\u00d3N PROGRAMA DE ESTUDIOS","og_url":"https:\/\/iestaurija.alsolution.pe\/portal\/programa-de-estudios-de-produccion-agropecuaria\/","og_site_name":"IESTP TAURIJA","article_publisher":"https:\/\/web.facebook.com\/iestp.taurija\/","article_modified_time":"2026-04-20T02:02:44+00:00","twitter_card":"summary_large_image","schema":{"@context":"https:\/\/schema.org","@graph":[{"@type":"WebPage","@id":"https:\/\/iestaurija.alsolution.pe\/portal\/programa-de-estudios-de-produccion-agropecuaria\/","url":"https:\/\/iestaurija.alsolution.pe\/portal\/programa-de-estudios-de-produccion-agropecuaria\/","name":"PROGRAMA DE ESTUDIOS DE PRODUCCI\u00d3N AGROPECUARIA - IESTP TAURIJA","isPartOf":{"@id":"https:\/\/iestaurija.alsolution.pe\/portal\/#website"},"datePublished":"2017-05-01T09:57:00+00:00","dateModified":"2026-04-20T02:02:44+00:00","breadcrumb":{"@id":"https:\/\/iestaurija.alsolution.pe\/portal\/programa-de-estudios-de-produccion-agropecuaria\/#breadcrumb"},"inLanguage":"es-PE","potentialAction":[{"@type":"ReadAction","target":["https:\/\/iestaurija.alsolution.pe\/portal\/programa-de-estudios-de-produccion-agropecuaria\/"]}]},{"@type":"BreadcrumbList","@id":"https:\/\/iestaurija.alsolution.pe\/portal\/programa-de-estudios-de-produccion-agropecuaria\/#breadcrumb","itemListElement":[{"@type":"ListItem","position":1,"name":"Portada","item":"https:\/\/iestaurija.alsolution.pe\/portal\/"},{"@type":"ListItem","position":2,"name":"PROGRAMA DE ESTUDIOS DE PRODUCCI\u00d3N AGROPECUARIA"}]},{"@type":"WebSite","@id":"https:\/\/iestaurija.alsolution.pe\/portal\/#website","url":"https:\/\/iestaurija.alsolution.pe\/portal\/","name":"IESTP Taurija","description":"Educaci\u00f3n tecnol\u00f3gica superior para el desarrollo sostenible","publisher":{"@id":"https:\/\/iestaurija.alsolution.pe\/portal\/#organization"},"potentialAction":[{"@type":"SearchAction","target":{"@type":"EntryPoint","urlTemplate":"https:\/\/iestaurija.alsolution.pe\/portal\/?s={search_term_string}"},"query-input":{"@type":"PropertyValueSpecification","valueRequired":true,"valueName":"search_term_string"}}],"inLanguage":"es-PE"},{"@type":"Organization","@id":"https:\/\/iestaurija.alsolution.pe\/portal\/#organization","name":"IESTP Taurija","url":"https:\/\/iestaurija.alsolution.pe\/portal\/","logo":{"@type":"ImageObject","inLanguage":"es-PE","@id":"https:\/\/iestaurija.alsolution.pe\/portal\/#\/schema\/logo\/image\/","url":"https:\/\/iestaurija.alsolution.pe\/portal\/wp-content\/uploads\/2026\/04\/Taurija.png","contentUrl":"https:\/\/iestaurija.alsolution.pe\/portal\/wp-content\/uploads\/2026\/04\/Taurija.png","width":100,"height":100,"caption":"IESTP Taurija"},"image":{"@id":"https:\/\/iestaurija.alsolution.pe\/portal\/#\/schema\/logo\/image\/"},"sameAs":["https:\/\/web.facebook.com\/iestp.taurija\/","https:\/\/www.instagram.com\/iestptaurija\/","https:\/\/www.tiktok.com\/@iestptaurija"]}]}},"_links":{"self":[{"href":"https:\/\/iestaurija.alsolution.pe\/portal\/wp-json\/wp\/v2\/pages\/365","targetHints":{"allow":["GET"]}}],"collection":[{"href":"https:\/\/iestaurija.alsolution.pe\/portal\/wp-json\/wp\/v2\/pages"}],"about":[{"href":"https:\/\/iestaurija.alsolution.pe\/portal\/wp-json\/wp\/v2\/types\/page"}],"author":[{"embeddable":true,"href":"https:\/\/iestaurija.alsolution.pe\/portal\/wp-json\/wp\/v2\/users\/1"}],"replies":[{"embeddable":true,"href":"https:\/\/iestaurija.alsolution.pe\/portal\/wp-json\/wp\/v2\/comments?post=365"}],"version-history":[{"count":5,"href":"https:\/\/iestaurija.alsolution.pe\/portal\/wp-json\/wp\/v2\/pages\/365\/revisions"}],"predecessor-version":[{"id":763,"href":"https:\/\/iestaurija.alsolution.pe\/portal\/wp-json\/wp\/v2\/pages\/365\/revisions\/763"}],"wp:attachment":[{"href":"https:\/\/iestaurija.alsolution.pe\/portal\/wp-json\/wp\/v2\/media?parent=365"}],"curies":[{"name":"wp","href":"https:\/\/api.w.org\/{rel}","templated":true}]}}