{"id":14,"date":"2016-09-15T08:40:03","date_gmt":"2016-09-15T08:40:03","guid":{"rendered":"https:\/\/raratheme.com\/preview\/numinous\/?page_id=14"},"modified":"2026-04-19T22:04:51","modified_gmt":"2026-04-20T03:04:51","slug":"iestp-taurija","status":"publish","type":"page","link":"https:\/\/iestaurija.alsolution.pe\/portal\/","title":{"rendered":"Inicio"},"content":{"rendered":"\n\n\n<p><\/p>\n","protected":false},"excerpt":{"rendered":"<p>Somos una instituci\u00f3n tecnol\u00f3gica p\u00fablica de nivel superior ubicada en el distrito de Taurija, provincia de Pataz, regi\u00f3n La Libertad. &hellip; <\/p>\n","protected":false},"author":1,"featured_media":0,"parent":0,"menu_order":0,"comment_status":"closed","ping_status":"closed","template":"template-home.php","meta":{"footnotes":""},"class_list":["post-14","page","type-page","status-publish","hentry"],"yoast_head":"<!-- This site is optimized with the Yoast SEO plugin v27.3 - https:\/\/yoast.com\/product\/yoast-seo-wordpress\/ -->\n<title>IESTP TAURIJA - IESTP TAURIJA<\/title>\n<meta name=\"description\" content=\"Somos una instituci\u00f3n que forma profesionales t\u00e9cnicos de Producci\u00f3n Agropecuaria para convertirse en el motor del crecimiento regional en este sector.\" \/>\n<meta name=\"robots\" content=\"index, follow, max-snippet:-1, max-image-preview:large, max-video-preview:-1\" \/>\n<link rel=\"canonical\" href=\"https:\/\/iestaurija.alsolution.pe\/portal\/\" \/>\n<meta property=\"og:locale\" content=\"es_ES\" \/>\n<meta property=\"og:type\" content=\"article\" \/>\n<meta property=\"og:title\" content=\"IEST Taurija\" \/>\n<meta property=\"og:description\" content=\"Somos una instituci\u00f3n que forma profesionales t\u00e9cnicos de Producci\u00f3n Agropecuaria para convertirse en el motor del crecimiento regional en este sector.\" \/>\n<meta property=\"og:url\" content=\"https:\/\/iestaurija.alsolution.pe\/portal\/\" \/>\n<meta property=\"og:site_name\" content=\"IESTP TAURIJA\" \/>\n<meta property=\"article:publisher\" content=\"https:\/\/web.facebook.com\/iestp.taurija\/\" \/>\n<meta property=\"article:modified_time\" content=\"2026-04-20T03:04:51+00:00\" \/>\n<meta property=\"og:image\" content=\"https:\/\/iestaurija.alsolution.pe\/portal\/wp-content\/uploads\/2026\/04\/cropped-banner.jpeg\" \/>\n\t<meta property=\"og:image:width\" content=\"1920\" \/>\n\t<meta property=\"og:image:height\" content=\"800\" \/>\n\t<meta property=\"og:image:type\" content=\"image\/jpeg\" \/>\n<meta name=\"twitter:card\" content=\"summary_large_image\" \/>\n<meta name=\"twitter:label1\" content=\"Est. reading time\" \/>\n\t<meta name=\"twitter:data1\" content=\"1 minuto\" \/>\n<script type=\"application\/ld+json\" class=\"yoast-schema-graph\">{\"@context\":\"https:\\\/\\\/schema.org\",\"@graph\":[{\"@type\":\"WebPage\",\"@id\":\"https:\\\/\\\/iestaurija.alsolution.pe\\\/portal\\\/\",\"url\":\"https:\\\/\\\/iestaurija.alsolution.pe\\\/portal\\\/\",\"name\":\"IESTP TAURIJA - IESTP TAURIJA\",\"isPartOf\":{\"@id\":\"https:\\\/\\\/iestaurija.alsolution.pe\\\/portal\\\/#website\"},\"datePublished\":\"2016-09-15T08:40:03+00:00\",\"dateModified\":\"2026-04-20T03:04:51+00:00\",\"description\":\"Somos una instituci\u00f3n que forma profesionales t\u00e9cnicos de Producci\u00f3n Agropecuaria para convertirse en el motor del crecimiento regional en este sector.\",\"breadcrumb\":{\"@id\":\"https:\\\/\\\/iestaurija.alsolution.pe\\\/portal\\\/#breadcrumb\"},\"inLanguage\":\"es-PE\",\"potentialAction\":[{\"@type\":\"ReadAction\",\"target\":[\"https:\\\/\\\/iestaurija.alsolution.pe\\\/portal\\\/\"]}]},{\"@type\":\"BreadcrumbList\",\"@id\":\"https:\\\/\\\/iestaurija.alsolution.pe\\\/portal\\\/#breadcrumb\",\"itemListElement\":[{\"@type\":\"ListItem\",\"position\":1,\"name\":\"Portada\",\"item\":\"https:\\\/\\\/iestaurija.alsolution.pe\\\/portal\\\/\"},{\"@type\":\"ListItem\",\"position\":2,\"name\":\"Inicio\"}]},{\"@type\":\"WebSite\",\"@id\":\"https:\\\/\\\/iestaurija.alsolution.pe\\\/portal\\\/#website\",\"url\":\"https:\\\/\\\/iestaurija.alsolution.pe\\\/portal\\\/\",\"name\":\"IESTP Taurija\",\"description\":\"Educaci\u00f3n tecnol\u00f3gica superior para el desarrollo sostenible\",\"publisher\":{\"@id\":\"https:\\\/\\\/iestaurija.alsolution.pe\\\/portal\\\/#organization\"},\"potentialAction\":[{\"@type\":\"SearchAction\",\"target\":{\"@type\":\"EntryPoint\",\"urlTemplate\":\"https:\\\/\\\/iestaurija.alsolution.pe\\\/portal\\\/?s={search_term_string}\"},\"query-input\":{\"@type\":\"PropertyValueSpecification\",\"valueRequired\":true,\"valueName\":\"search_term_string\"}}],\"inLanguage\":\"es-PE\"},{\"@type\":\"Organization\",\"@id\":\"https:\\\/\\\/iestaurija.alsolution.pe\\\/portal\\\/#organization\",\"name\":\"IESTP Taurija\",\"url\":\"https:\\\/\\\/iestaurija.alsolution.pe\\\/portal\\\/\",\"logo\":{\"@type\":\"ImageObject\",\"inLanguage\":\"es-PE\",\"@id\":\"https:\\\/\\\/iestaurija.alsolution.pe\\\/portal\\\/#\\\/schema\\\/logo\\\/image\\\/\",\"url\":\"https:\\\/\\\/iestaurija.alsolution.pe\\\/portal\\\/wp-content\\\/uploads\\\/2026\\\/04\\\/Taurija.png\",\"contentUrl\":\"https:\\\/\\\/iestaurija.alsolution.pe\\\/portal\\\/wp-content\\\/uploads\\\/2026\\\/04\\\/Taurija.png\",\"width\":100,\"height\":100,\"caption\":\"IESTP Taurija\"},\"image\":{\"@id\":\"https:\\\/\\\/iestaurija.alsolution.pe\\\/portal\\\/#\\\/schema\\\/logo\\\/image\\\/\"},\"sameAs\":[\"https:\\\/\\\/web.facebook.com\\\/iestp.taurija\\\/\",\"https:\\\/\\\/www.instagram.com\\\/iestptaurija\\\/\",\"https:\\\/\\\/www.tiktok.com\\\/@iestptaurija\"]}]}<\/script>\n<!-- \/ Yoast SEO plugin. -->","yoast_head_json":{"title":"IESTP TAURIJA - IESTP TAURIJA","description":"Somos una instituci\u00f3n que forma profesionales t\u00e9cnicos de Producci\u00f3n Agropecuaria para convertirse en el motor del crecimiento regional en este sector.","robots":{"index":"index","follow":"follow","max-snippet":"max-snippet:-1","max-image-preview":"max-image-preview:large","max-video-preview":"max-video-preview:-1"},"canonical":"https:\/\/iestaurija.alsolution.pe\/portal\/","og_locale":"es_ES","og_type":"article","og_title":"IEST Taurija","og_description":"Somos una instituci\u00f3n que forma profesionales t\u00e9cnicos de Producci\u00f3n Agropecuaria para convertirse en el motor del crecimiento regional en este sector.","og_url":"https:\/\/iestaurija.alsolution.pe\/portal\/","og_site_name":"IESTP TAURIJA","article_publisher":"https:\/\/web.facebook.com\/iestp.taurija\/","article_modified_time":"2026-04-20T03:04:51+00:00","og_image":[{"width":1920,"height":800,"url":"https:\/\/iestaurija.alsolution.pe\/portal\/wp-content\/uploads\/2026\/04\/cropped-banner.jpeg","type":"image\/jpeg"}],"twitter_card":"summary_large_image","twitter_misc":{"Est. reading time":"1 minuto"},"schema":{"@context":"https:\/\/schema.org","@graph":[{"@type":"WebPage","@id":"https:\/\/iestaurija.alsolution.pe\/portal\/","url":"https:\/\/iestaurija.alsolution.pe\/portal\/","name":"IESTP TAURIJA - IESTP TAURIJA","isPartOf":{"@id":"https:\/\/iestaurija.alsolution.pe\/portal\/#website"},"datePublished":"2016-09-15T08:40:03+00:00","dateModified":"2026-04-20T03:04:51+00:00","description":"Somos una instituci\u00f3n que forma profesionales t\u00e9cnicos de Producci\u00f3n Agropecuaria para convertirse en el motor del crecimiento regional en este sector.","breadcrumb":{"@id":"https:\/\/iestaurija.alsolution.pe\/portal\/#breadcrumb"},"inLanguage":"es-PE","potentialAction":[{"@type":"ReadAction","target":["https:\/\/iestaurija.alsolution.pe\/portal\/"]}]},{"@type":"BreadcrumbList","@id":"https:\/\/iestaurija.alsolution.pe\/portal\/#breadcrumb","itemListElement":[{"@type":"ListItem","position":1,"name":"Portada","item":"https:\/\/iestaurija.alsolution.pe\/portal\/"},{"@type":"ListItem","position":2,"name":"Inicio"}]},{"@type":"WebSite","@id":"https:\/\/iestaurija.alsolution.pe\/portal\/#website","url":"https:\/\/iestaurija.alsolution.pe\/portal\/","name":"IESTP Taurija","description":"Educaci\u00f3n tecnol\u00f3gica superior para el desarrollo sostenible","publisher":{"@id":"https:\/\/iestaurija.alsolution.pe\/portal\/#organization"},"potentialAction":[{"@type":"SearchAction","target":{"@type":"EntryPoint","urlTemplate":"https:\/\/iestaurija.alsolution.pe\/portal\/?s={search_term_string}"},"query-input":{"@type":"PropertyValueSpecification","valueRequired":true,"valueName":"search_term_string"}}],"inLanguage":"es-PE"},{"@type":"Organization","@id":"https:\/\/iestaurija.alsolution.pe\/portal\/#organization","name":"IESTP Taurija","url":"https:\/\/iestaurija.alsolution.pe\/portal\/","logo":{"@type":"ImageObject","inLanguage":"es-PE","@id":"https:\/\/iestaurija.alsolution.pe\/portal\/#\/schema\/logo\/image\/","url":"https:\/\/iestaurija.alsolution.pe\/portal\/wp-content\/uploads\/2026\/04\/Taurija.png","contentUrl":"https:\/\/iestaurija.alsolution.pe\/portal\/wp-content\/uploads\/2026\/04\/Taurija.png","width":100,"height":100,"caption":"IESTP Taurija"},"image":{"@id":"https:\/\/iestaurija.alsolution.pe\/portal\/#\/schema\/logo\/image\/"},"sameAs":["https:\/\/web.facebook.com\/iestp.taurija\/","https:\/\/www.instagram.com\/iestptaurija\/","https:\/\/www.tiktok.com\/@iestptaurija"]}]}},"_links":{"self":[{"href":"https:\/\/iestaurija.alsolution.pe\/portal\/wp-json\/wp\/v2\/pages\/14","targetHints":{"allow":["GET"]}}],"collection":[{"href":"https:\/\/iestaurija.alsolution.pe\/portal\/wp-json\/wp\/v2\/pages"}],"about":[{"href":"https:\/\/iestaurija.alsolution.pe\/portal\/wp-json\/wp\/v2\/types\/page"}],"author":[{"embeddable":true,"href":"https:\/\/iestaurija.alsolution.pe\/portal\/wp-json\/wp\/v2\/users\/1"}],"replies":[{"embeddable":true,"href":"https:\/\/iestaurija.alsolution.pe\/portal\/wp-json\/wp\/v2\/comments?post=14"}],"version-history":[{"count":4,"href":"https:\/\/iestaurija.alsolution.pe\/portal\/wp-json\/wp\/v2\/pages\/14\/revisions"}],"predecessor-version":[{"id":753,"href":"https:\/\/iestaurija.alsolution.pe\/portal\/wp-json\/wp\/v2\/pages\/14\/revisions\/753"}],"wp:attachment":[{"href":"https:\/\/iestaurija.alsolution.pe\/portal\/wp-json\/wp\/v2\/media?parent=14"}],"curies":[{"name":"wp","href":"https:\/\/api.w.org\/{rel}","templated":true}]}}